{"id":222,"date":"2016-03-07T07:50:24","date_gmt":"2016-03-07T07:50:24","guid":{"rendered":"http:\/\/185.56.146.145\/~roberin01\/de\/?page_id=222"},"modified":"2018-02-02T15:58:08","modified_gmt":"2018-02-02T14:58:08","slug":"roberine","status":"publish","type":"page","link":"https:\/\/roberinenet.com\/de\/","title":{"rendered":"Roberine"},"content":{"rendered":"<div class=\"flex_column av_one_full  flex_column_div av-zero-column-padding first  \" style='border-radius:0px; '><div class='avia-image-container  av-styling-no-styling   avia-align-center '  itemscope=\"itemscope\" itemtype=\"https:\/\/schema.org\/ImageObject\"  ><div class='avia-image-container-inner'><img class='avia_image ' src='https:\/\/roberinenet.com\/wp-content\/uploads\/2018\/02\/F5-front-1-1.jpg' alt='' title='F5 front'   itemprop=\"thumbnailUrl\"  \/><\/div><\/div><\/div><div class=\"flex_column av_one_full  flex_column_div av-zero-column-padding first  \" style='border-radius:0px; '><section class=\"av_textblock_section\"  itemscope=\"itemscope\" itemtype=\"https:\/\/schema.org\/CreativeWork\" ><div class='avia_textblock '   itemprop=\"text\" ><h1>Roberine | M\u00e4hen auf h\u00f6chstem Niveau<\/h1>\n<\/div><\/section><br \/>\n<section class=\"av_textblock_section\"  itemscope=\"itemscope\" itemtype=\"https:\/\/schema.org\/CreativeWork\" ><div class='avia_textblock '   itemprop=\"text\" ><div class=\"introfront\">\n<p>Roberine ist ein niederl\u00e4ndischer Hersteller von M\u00e4hern. Seit 1951 ist diese Marke f\u00fcr ihre hohe Qualit\u00e4t und ihr perfektes Schnittbild bekannt. Heute vielleicht noch mehr als in der Vergangenheit. Roberine bietet nicht nur ein perfektes Schnittbild, sondern auch attraktive Preise. Damit ist Roberine die Marke f\u00fcr alle Experten im Garten- und Landschaftsbau, die sich auf die Pflege von Sportpl\u00e4tzen, Parks und \u00f6ffentlichen Gr\u00fcnfl\u00e4chen spezialisiert haben.<\/p>\n<h5><strong>3er-Reihe<\/strong><\/h5>\n<p>Diese dreiteiligen selbstfahrenden M\u00e4her sind das Ergebnis langj\u00e4hriger Erfahrung in der Entwicklung und Konstruktion von Maschinen f\u00fcr den Garten- und Landschaftsbau. Zudem kommt fortschrittlichste Technologie zum Einsatz. Nicht nur im Bereich von Motor- und Antriebstechnik, sondern auch im Bereich der M\u00e4htechnik. Ein Beispiel ist der hochwertige Schlegel des Roberine F3, der in Kooperation mit Votex entwickelt wurde. Die F-Reihe ist an den grauen Schneideinheiten erkennbar, der Spindelm\u00e4her Roberine R3 an den gr\u00fcnen Schneideinheiten. Die M\u00e4hwerke verbindet \u00fcbrigens ein gemeinsames Merkmal. Dank der einzigartigen Konstruktion k\u00f6nnen Sie problemlos in der N\u00e4he von Hindernissen m\u00e4hen. Dadurch m\u00fcssen weniger T\u00e4tigkeiten manuell ausgef\u00fchrt werden.<\/p>\n<h5><strong>5er-Reihe<\/strong><\/h5>\n<p>Die neue 5er-Reihe basiert auf der Technologie der 3er-Reihe und bietet dadurch jedem Profi die Sicherheit eines Konzepts, das sich in der Praxis bew\u00e4hrt hat. Der Einsatz erstklassiger Materialien reduziert im Zusammenspiel mit der ausgekl\u00fcgelten Technologie das St\u00f6rungsrisiko auf ein Minimum. Dadurch ist die Maschine tagt\u00e4glich einsetzbar. Mit dem F5 l\u00e4sst sich hohes Gras genauso bequem m\u00e4hen wie kurzes, ganz gleich, ob es trocken oder nass ist. Au\u00dferdem gew\u00e4hrleistet die einzigartige Konstruktion des Schlegelm\u00e4hwerks ein sch\u00f6nes Schnittbild ohne auf dem Rasen verbleibende Grasb\u00fcschel. Die Markteinf\u00fchrung des Spindelm\u00e4hers Roberine R5 wird voraussichtlich in der zweiten Jahresh\u00e4lfte 2018 stattfinden.<\/p>\n<\/div>\n<\/div><\/section><\/p><\/div><div style=' margin-top:30px; margin-bottom:0px;'  class='hr hr-custom hr-center hr-icon-no '><span class='hr-inner   inner-border-av-border-thin' style=' width:102%; border-color:#939393;' ><span class='hr-inner-style'><\/span><\/span><\/div><\/p>\n<div class=\"flex_column av_one_half  flex_column_div av-zero-column-padding first  \" style='border-radius:0px; '><p><div style='padding-bottom:15px;' class='av-special-heading av-special-heading-h3  blockquote modern-quote  '><h3 class='av-special-heading-tag'  itemprop=\"headline\"  >Kompakt und wendig<\/h3><div class='special-heading-border'><div class='special-heading-inner-border' ><\/div><\/div><\/div><br \/>\n<div class='avia-image-container  av-styling-no-styling   avia-align-center '  itemscope=\"itemscope\" itemtype=\"https:\/\/schema.org\/ImageObject\"  ><div class='avia-image-container-inner'><img class='avia_image ' src='https:\/\/roberinenet.com\/wp-content\/uploads\/2016\/03\/HVA0568_Roberine_recht-1.png' alt='Roberine F3 Roberine R3 klepelmaaier kooimaaier bermonderhoud, parkonderhoud, onderhoud sportvelden' title='Roberine koepelmaaier 3\/4 van voren'   itemprop=\"thumbnailUrl\"  \/><\/div><\/div><br \/>\n<div style='height:10px' class='hr hr-invisible '><span class='hr-inner ' ><span class='hr-inner-style'><\/span><\/span><\/div><\/p><\/div><div class=\"flex_column av_one_half  flex_column_div av-zero-column-padding   \" style='border-radius:0px; '><p><div style='padding-bottom:15px;' class='av-special-heading av-special-heading-h3  blockquote modern-quote  '><h3 class='av-special-heading-tag'  itemprop=\"headline\"  >Einfach zu transportieren<\/h3><div class='special-heading-border'><div class='special-heading-inner-border' ><\/div><\/div><\/div><br \/>\n<div class='avia-image-container  av-styling-no-styling   avia-align-center '  itemscope=\"itemscope\" itemtype=\"https:\/\/schema.org\/ImageObject\"  ><div class='avia-image-container-inner'><img class='avia_image ' src='https:\/\/roberinenet.com\/wp-content\/uploads\/2018\/02\/Roberine-F5-actie.jpg' alt='' title='Roberine F5 actie'   itemprop=\"thumbnailUrl\"  \/><\/div><\/div><br \/>\n<div style='height:10px' class='hr hr-invisible '><span class='hr-inner ' ><span class='hr-inner-style'><\/span><\/span><\/div><\/p><\/div><div style='height:50px' class='hr hr-invisible '><span class='hr-inner ' ><span class='hr-inner-style'><\/span><\/span><\/div><\/p>\n","protected":false},"excerpt":{"rendered":"","protected":false},"author":752,"featured_media":0,"parent":0,"menu_order":2,"comment_status":"closed","ping_status":"closed","template":"","meta":{"footnotes":""},"class_list":["post-222","page","type-page","status-publish","hentry"],"_links":{"self":[{"href":"https:\/\/roberinenet.com\/de\/wp-json\/wp\/v2\/pages\/222\/"}],"collection":[{"href":"https:\/\/roberinenet.com\/de\/wp-json\/wp\/v2\/pages\/"}],"about":[{"href":"https:\/\/roberinenet.com\/de\/wp-json\/wp\/v2\/types\/page\/"}],"author":[{"embeddable":true,"href":"https:\/\/roberinenet.com\/de\/wp-json\/wp\/v2\/users\/752\/"}],"replies":[{"embeddable":true,"href":"https:\/\/roberinenet.com\/de\/wp-json\/wp\/v2\/comments\/?post=222"}],"version-history":[{"count":7,"href":"https:\/\/roberinenet.com\/de\/wp-json\/wp\/v2\/pages\/222\/revisions\/"}],"predecessor-version":[{"id":5931,"href":"https:\/\/roberinenet.com\/de\/wp-json\/wp\/v2\/pages\/222\/revisions\/5931\/"}],"wp:attachment":[{"href":"https:\/\/roberinenet.com\/de\/wp-json\/wp\/v2\/media\/?parent=222"}],"curies":[{"name":"wp","href":"https:\/\/api.w.org\/{rel}","templated":true}]}}