{"id":235,"date":"2016-03-07T08:19:58","date_gmt":"2016-03-07T08:19:58","guid":{"rendered":"http:\/\/185.56.146.145\/~roberin01\/de\/?page_id=235"},"modified":"2016-06-06T10:00:38","modified_gmt":"2016-06-06T08:00:38","slug":"roberine-ueber-uns","status":"publish","type":"page","link":"https:\/\/roberinenet.com\/de\/roberine-ueber-uns\/","title":{"rendered":"Roberine-\u00dcber uns"},"content":{"rendered":"<div style='height:30px' class='hr hr-invisible '><span class='hr-inner ' ><span class='hr-inner-style'><\/span><\/span><\/div>\n<div class=\"flex_column av_one_half  flex_column_div av-zero-column-padding first  \" style='border-radius:0px; '><section class=\"av_textblock_section\"  itemscope=\"itemscope\" itemtype=\"https:\/\/schema.org\/CreativeWork\" ><div class='avia_textblock '   itemprop=\"text\" ><h3>Gebaut f\u00fcr hohe Leistung<\/h3>\n<p>Die F- und R-Reike von Roberine wurden von erfahrenen Ingenieuren entwickelt. F\u00fcr das Design wurde ein tonangebendes Designb\u00fcro beauftragt. Der Ausgangspunkt beim Entwurf war, eine Maschine zu entwickeln, die jeden anderen M\u00e4her \u00fcbertreffen w\u00fcrde. Roberine sollte sich als neuer Standard in jedem Bereich etablieren. Von Zuverl\u00e4ssigkeit bis Dauerhaftigheit. Von Ergonomie bis Instandhaltung. Von Leistung bis Kosten pro Quadratmeter. Das ist uns gelungen.\u00a0Die Maschinen von Roberine werden in Enschede in einem der modernsten Werke Europas hergestellt. Die Produktion erfolgt auf die gleiche Weise wie bei den weltweit f\u00fchrenden Automobilherstellern. Dadurch sind wir auch in der Lage, diesen neuen Standard setzen zu k\u00f6nnen. Jeder Roberine wurde gebaut, um in jeder Hinsicht die beste Leistung zu erbringen. Auch das ist auf den Ursprung der Marke zur\u00fcckzuf\u00fchren.<\/p>\n<\/div><\/section><\/div><div class=\"flex_column av_one_half  flex_column_div av-zero-column-padding   \" style='border-radius:0px; '><div class='avia-image-container  av-styling-no-styling   avia-align-center '  itemscope=\"itemscope\" itemtype=\"https:\/\/schema.org\/ImageObject\"  ><div class='avia-image-container-inner'><img class='avia_image ' src='https:\/\/roberinenet.com\/wp-content\/uploads\/2016\/03\/HVA0476_New-1.png' alt='vacatures Roberine klepelmaaiers Enschede vakmanschap innovatie Nederland kooimaaiers' title='Roberine staat voor vakmanschap'   itemprop=\"thumbnailUrl\"  \/><\/div><\/div><\/div><\/p>\n<div style=' margin-top:30px; margin-bottom:30px;'  class='hr hr-custom hr-center hr-icon-no '><span class='hr-inner   inner-border-av-border-thin' style=' width:102%; border-color:#cccccc;' ><span class='hr-inner-style'><\/span><\/span><\/div>\n<div class=\"flex_column av_one_half  flex_column_div av-zero-column-padding first  \" style='border-radius:0px; '><div class='avia-image-container  av-styling-no-styling   avia-align-center '  itemscope=\"itemscope\" itemtype=\"https:\/\/schema.org\/ImageObject\"  ><div class='avia-image-container-inner'><img class='avia_image ' src='https:\/\/roberinenet.com\/wp-content\/uploads\/2016\/03\/roberine-front.jpg' alt='Roberine logo klepelmaaier kooimaaier onderhoud sportvelden, compact, grasmaaier grasmaaien bermonderhoud' title='Roberine logo op voorzijde'   itemprop=\"thumbnailUrl\"  \/><\/div><\/div><\/div>\n<div class=\"flex_column av_one_half  flex_column_div av-zero-column-padding   \" style='border-radius:0px; '><section class=\"av_textblock_section\"  itemscope=\"itemscope\" itemtype=\"https:\/\/schema.org\/CreativeWork\" ><div class='avia_textblock '   itemprop=\"text\" ><div class=\"vc_span8 wpb_column column_container\">\n<div class=\"wpb_wrapper\">\n<div class=\"wpb_text_column wpb_content_element \">\n<div class=\"wpb_wrapper\">\n<h3>Die Menschen hinter Roberine<\/h3>\n<p>Um ein Produkt von Weltrang auf den Markt zu bringen, ist mehr als ein guter Entwurf, ein zeitloses Design und ein zuverl\u00e4ssiges Produkt notwendig. Man ben\u00f6tigt eine Organisation, die sich dar\u00fcber im Klaren ist, dass man seine Versprechen halten soll. Roberine wird von erfahrenen und talentierten Menschen getragen, die aus der Marke wieder einen Erfolg machen wollen. Aber das alleine gen\u00fcgt noch nicht. Man ben\u00f6tigt zudem ein Netzwerk, das an die Kraft glaubt, die man entfalten kann.<\/p>\n<p>Roberine wird von einer sorgf\u00e4ltig ausgew\u00e4hlten Gruppe von H\u00e4ndlern verkauft. Profis, die an die Marke und an unsere Produkte glauben. Heute sind das die F- und R-Reihe von Roberine. Morgen gibt es eine gro\u00dfe Auswahl an Maschinen und Werkzeugen, die daf\u00fcr sorgen werden, dass die Profis, die mit Roberine arbeiten, genauso stolz auf die Marke sind wie die Profis, die die Marke herstellen.<\/p>\n<\/div>\n<\/div>\n<\/div>\n<\/div>\n<\/div><\/section><\/div><div style='height:50px' class='hr hr-invisible '><span class='hr-inner ' ><span class='hr-inner-style'><\/span><\/span><\/div><\/p>\n","protected":false},"excerpt":{"rendered":"","protected":false},"author":752,"featured_media":0,"parent":0,"menu_order":2,"comment_status":"closed","ping_status":"closed","template":"","meta":{"footnotes":""},"class_list":["post-235","page","type-page","status-publish","hentry"],"_links":{"self":[{"href":"https:\/\/roberinenet.com\/de\/wp-json\/wp\/v2\/pages\/235\/"}],"collection":[{"href":"https:\/\/roberinenet.com\/de\/wp-json\/wp\/v2\/pages\/"}],"about":[{"href":"https:\/\/roberinenet.com\/de\/wp-json\/wp\/v2\/types\/page\/"}],"author":[{"embeddable":true,"href":"https:\/\/roberinenet.com\/de\/wp-json\/wp\/v2\/users\/752\/"}],"replies":[{"embeddable":true,"href":"https:\/\/roberinenet.com\/de\/wp-json\/wp\/v2\/comments\/?post=235"}],"version-history":[{"count":1,"href":"https:\/\/roberinenet.com\/de\/wp-json\/wp\/v2\/pages\/235\/revisions\/"}],"predecessor-version":[{"id":236,"href":"https:\/\/roberinenet.com\/de\/wp-json\/wp\/v2\/pages\/235\/revisions\/236\/"}],"wp:attachment":[{"href":"https:\/\/roberinenet.com\/de\/wp-json\/wp\/v2\/media\/?parent=235"}],"curies":[{"name":"wp","href":"https:\/\/api.w.org\/{rel}","templated":true}]}}